{"id":86,"date":"2023-05-02T08:33:24","date_gmt":"2023-05-02T08:33:24","guid":{"rendered":"http:\/\/casinotax.net\/?page_id=86"},"modified":"2024-02-13T09:35:48","modified_gmt":"2024-02-13T09:35:48","slug":"casinotax","status":"publish","type":"page","link":"https:\/\/casinotax.net\/","title":{"rendered":"Casinotax"},"content":{"rendered":"<div class=\"wp-block-image\">\n<figure class=\"aligncenter size-full is-resized\"><img loading=\"lazy\" decoding=\"async\" width=\"382\" height=\"70\" src=\"http:\/\/casinotax.net\/wp-content\/uploads\/2023\/04\/casinotax-logo.png\" alt=\"casinotax.net logo\" class=\"wp-image-71\" style=\"width:382px;height:70px\" srcset=\"https:\/\/casinotax.net\/wp-content\/uploads\/2023\/04\/casinotax-logo.png 382w, https:\/\/casinotax.net\/wp-content\/uploads\/2023\/04\/casinotax-logo-300x55.png 300w\" sizes=\"auto, (max-width: 382px) 100vw, 382px\" \/><\/figure>\n<\/div>\n\n\n<div style=\"height:20px\" aria-hidden=\"true\" class=\"wp-block-spacer\"><\/div>\n\n\n\n<p class=\"has-text-align-center\">V\u00e4lj spr\u00e5k &#8211; Sprache ausw\u00e4hlen &#8211; Valitse kieli<\/p>\n\n\n\n<div style=\"height:10px\" aria-hidden=\"true\" class=\"wp-block-spacer\"><\/div>\n\n\n\n<div class=\"wp-block-buttons is-content-justification-center is-layout-flex wp-container-core-buttons-is-layout-16018d1d wp-block-buttons-is-layout-flex\">\n<div class=\"wp-block-button\"><a class=\"wp-block-button__link has-text-align-center wp-element-button\" href=\"https:\/\/casinotax.net\/sv\/\">Svenska<\/a><\/div>\n\n\n\n<div class=\"wp-block-button\"><a class=\"wp-block-button__link wp-element-button\" href=\"\/de\/\">Deutsch<\/a><\/div>\n\n\n\n<div class=\"wp-block-button\"><a class=\"wp-block-button__link wp-element-button\" href=\"\/fi\/\">Suomen kieli<\/a><\/div>\n<\/div>\n","protected":false},"excerpt":{"rendered":"<p>V\u00e4lj spr\u00e5k &#8211; Sprache ausw\u00e4hlen &#8211; Valitse kieli<\/p>\n","protected":false},"author":1,"featured_media":0,"parent":0,"menu_order":0,"comment_status":"closed","ping_status":"closed","template":"root-page-template.php","meta":{"_acf_changed":false,"neve_meta_sidebar":"","neve_meta_container":"","neve_meta_enable_content_width":"","neve_meta_content_width":0,"neve_meta_title_alignment":"","neve_meta_author_avatar":"","neve_post_elements_order":"","neve_meta_disable_header":"","neve_meta_disable_footer":"","neve_meta_disable_title":"","footnotes":""},"class_list":["post-86","page","type-page","status-publish","hentry"],"acf":[],"yoast_head":"<!-- This site is optimized with the Yoast SEO plugin v27.0 - https:\/\/yoast.com\/product\/yoast-seo-wordpress\/ -->\n<title>Casinotax - Casinotax.net<\/title>\n<meta name=\"robots\" content=\"index, follow, max-snippet:-1, max-image-preview:large, max-video-preview:-1\" \/>\n<link rel=\"canonical\" href=\"https:\/\/casinotax.net\/sv\/\" \/>\n<meta property=\"og:locale\" content=\"sv_SE\" \/>\n<meta property=\"og:type\" content=\"article\" \/>\n<meta property=\"og:title\" content=\"Casinotax - Casinotax.net\" \/>\n<meta property=\"og:description\" content=\"V\u00e4lj spr\u00e5k &#8211; Sprache ausw\u00e4hlen &#8211; Valitse kieli\" \/>\n<meta property=\"og:url\" content=\"https:\/\/casinotax.net\/\" \/>\n<meta property=\"og:site_name\" content=\"Casinotax.net\" \/>\n<meta property=\"article:modified_time\" content=\"2024-02-13T09:35:48+00:00\" \/>\n<meta property=\"og:image\" content=\"http:\/\/casinotax.net\/wp-content\/uploads\/2023\/04\/casinotax-logo.png\" \/>\n<meta name=\"twitter:card\" content=\"summary_large_image\" \/>\n<meta name=\"twitter:label1\" content=\"Ber\u00e4knad l\u00e4stid\" \/>\n\t<meta name=\"twitter:data1\" content=\"1 minut\" \/>\n<script type=\"application\/ld+json\" class=\"yoast-schema-graph\">{\"@context\":\"https:\/\/schema.org\",\"@graph\":[{\"@type\":\"WebPage\",\"@id\":\"https:\/\/casinotax.net\/\",\"url\":\"https:\/\/casinotax.net\/\",\"name\":\"Casinotax - Casinotax.net\",\"isPartOf\":{\"@id\":\"https:\/\/casinotax.net\/sv\/#website\"},\"primaryImageOfPage\":{\"@id\":\"https:\/\/casinotax.net\/#primaryimage\"},\"image\":{\"@id\":\"https:\/\/casinotax.net\/#primaryimage\"},\"thumbnailUrl\":\"http:\/\/casinotax.net\/wp-content\/uploads\/2023\/04\/casinotax-logo.png\",\"datePublished\":\"2023-05-02T08:33:24+00:00\",\"dateModified\":\"2024-02-13T09:35:48+00:00\",\"breadcrumb\":{\"@id\":\"https:\/\/casinotax.net\/#breadcrumb\"},\"inLanguage\":\"sv-SE\",\"potentialAction\":[{\"@type\":\"ReadAction\",\"target\":[\"https:\/\/casinotax.net\/\"]}]},{\"@type\":\"ImageObject\",\"inLanguage\":\"sv-SE\",\"@id\":\"https:\/\/casinotax.net\/#primaryimage\",\"url\":\"http:\/\/casinotax.net\/wp-content\/uploads\/2023\/04\/casinotax-logo.png\",\"contentUrl\":\"http:\/\/casinotax.net\/wp-content\/uploads\/2023\/04\/casinotax-logo.png\"},{\"@type\":\"BreadcrumbList\",\"@id\":\"https:\/\/casinotax.net\/#breadcrumb\",\"itemListElement\":[{\"@type\":\"ListItem\",\"position\":1,\"name\":\"Skattefria casinon\",\"item\":\"https:\/\/casinotax.net\/sv\/\"},{\"@type\":\"ListItem\",\"position\":2,\"name\":\"Casinotax\"}]},{\"@type\":\"WebSite\",\"@id\":\"https:\/\/casinotax.net\/sv\/#website\",\"url\":\"https:\/\/casinotax.net\/sv\/\",\"name\":\"Casinotax.net\",\"description\":\"All about tax free casinos online\",\"potentialAction\":[{\"@type\":\"SearchAction\",\"target\":{\"@type\":\"EntryPoint\",\"urlTemplate\":\"https:\/\/casinotax.net\/sv\/?s={search_term_string}\"},\"query-input\":{\"@type\":\"PropertyValueSpecification\",\"valueRequired\":true,\"valueName\":\"search_term_string\"}}],\"inLanguage\":\"sv-SE\"}]}<\/script>\n<!-- \/ Yoast SEO plugin. -->","yoast_head_json":{"title":"Casinotax - Casinotax.net","robots":{"index":"index","follow":"follow","max-snippet":"max-snippet:-1","max-image-preview":"max-image-preview:large","max-video-preview":"max-video-preview:-1"},"canonical":"https:\/\/casinotax.net\/sv\/","og_locale":"sv_SE","og_type":"article","og_title":"Casinotax - Casinotax.net","og_description":"V\u00e4lj spr\u00e5k &#8211; Sprache ausw\u00e4hlen &#8211; Valitse kieli","og_url":"https:\/\/casinotax.net\/","og_site_name":"Casinotax.net","article_modified_time":"2024-02-13T09:35:48+00:00","og_image":[{"url":"http:\/\/casinotax.net\/wp-content\/uploads\/2023\/04\/casinotax-logo.png","type":"","width":"","height":""}],"twitter_card":"summary_large_image","twitter_misc":{"Ber\u00e4knad l\u00e4stid":"1 minut"},"schema":{"@context":"https:\/\/schema.org","@graph":[{"@type":"WebPage","@id":"https:\/\/casinotax.net\/","url":"https:\/\/casinotax.net\/","name":"Casinotax - Casinotax.net","isPartOf":{"@id":"https:\/\/casinotax.net\/sv\/#website"},"primaryImageOfPage":{"@id":"https:\/\/casinotax.net\/#primaryimage"},"image":{"@id":"https:\/\/casinotax.net\/#primaryimage"},"thumbnailUrl":"http:\/\/casinotax.net\/wp-content\/uploads\/2023\/04\/casinotax-logo.png","datePublished":"2023-05-02T08:33:24+00:00","dateModified":"2024-02-13T09:35:48+00:00","breadcrumb":{"@id":"https:\/\/casinotax.net\/#breadcrumb"},"inLanguage":"sv-SE","potentialAction":[{"@type":"ReadAction","target":["https:\/\/casinotax.net\/"]}]},{"@type":"ImageObject","inLanguage":"sv-SE","@id":"https:\/\/casinotax.net\/#primaryimage","url":"http:\/\/casinotax.net\/wp-content\/uploads\/2023\/04\/casinotax-logo.png","contentUrl":"http:\/\/casinotax.net\/wp-content\/uploads\/2023\/04\/casinotax-logo.png"},{"@type":"BreadcrumbList","@id":"https:\/\/casinotax.net\/#breadcrumb","itemListElement":[{"@type":"ListItem","position":1,"name":"Skattefria casinon","item":"https:\/\/casinotax.net\/sv\/"},{"@type":"ListItem","position":2,"name":"Casinotax"}]},{"@type":"WebSite","@id":"https:\/\/casinotax.net\/sv\/#website","url":"https:\/\/casinotax.net\/sv\/","name":"Casinotax.net","description":"All about tax free casinos online","potentialAction":[{"@type":"SearchAction","target":{"@type":"EntryPoint","urlTemplate":"https:\/\/casinotax.net\/sv\/?s={search_term_string}"},"query-input":{"@type":"PropertyValueSpecification","valueRequired":true,"valueName":"search_term_string"}}],"inLanguage":"sv-SE"}]}},"_links":{"self":[{"href":"https:\/\/casinotax.net\/sv\/wp-json\/wp\/v2\/pages\/86","targetHints":{"allow":["GET"]}}],"collection":[{"href":"https:\/\/casinotax.net\/sv\/wp-json\/wp\/v2\/pages"}],"about":[{"href":"https:\/\/casinotax.net\/sv\/wp-json\/wp\/v2\/types\/page"}],"author":[{"embeddable":true,"href":"https:\/\/casinotax.net\/sv\/wp-json\/wp\/v2\/users\/1"}],"replies":[{"embeddable":true,"href":"https:\/\/casinotax.net\/sv\/wp-json\/wp\/v2\/comments?post=86"}],"version-history":[{"count":18,"href":"https:\/\/casinotax.net\/sv\/wp-json\/wp\/v2\/pages\/86\/revisions"}],"predecessor-version":[{"id":442,"href":"https:\/\/casinotax.net\/sv\/wp-json\/wp\/v2\/pages\/86\/revisions\/442"}],"wp:attachment":[{"href":"https:\/\/casinotax.net\/sv\/wp-json\/wp\/v2\/media?parent=86"}],"curies":[{"name":"wp","href":"https:\/\/api.w.org\/{rel}","templated":true}]}}