{"id":73,"date":"2023-04-28T14:43:18","date_gmt":"2023-04-28T14:43:18","guid":{"rendered":"http:\/\/casinotax.net\/?page_id=73"},"modified":"2024-05-20T06:19:14","modified_gmt":"2024-05-20T06:19:14","slug":"kontakt","status":"publish","type":"page","link":"https:\/\/casinotax.net\/sv\/kontakt\/","title":{"rendered":"Kontakt"},"content":{"rendered":"\n<p>Saknar du information eller har n\u00e5gra \u00f6vriga fr\u00e5gor eller upplysningar om just <a href=\"https:\/\/casinotax.net\/sv\/\">skattefria casinon p\u00e5 n\u00e4tet<\/a>, kan du h\u00f6ra av dig till casinotax.net via email:<br>contact@casinotax.net<\/p>\n","protected":false},"excerpt":{"rendered":"<p>Saknar du information eller har n\u00e5gra \u00f6vriga fr\u00e5gor eller upplysningar om just skattefria casinon p\u00e5 n\u00e4tet, kan du h\u00f6ra av dig till casinotax.net via email:contact@casinotax.net<\/p>\n","protected":false},"author":4,"featured_media":0,"parent":0,"menu_order":0,"comment_status":"closed","ping_status":"closed","template":"","meta":{"_acf_changed":false,"neve_meta_sidebar":"","neve_meta_container":"","neve_meta_enable_content_width":"","neve_meta_content_width":0,"neve_meta_title_alignment":"","neve_meta_author_avatar":"","neve_post_elements_order":"","neve_meta_disable_header":"","neve_meta_disable_footer":"","neve_meta_disable_title":"","footnotes":""},"class_list":["post-73","page","type-page","status-publish","hentry"],"acf":[],"yoast_head":"<!-- This site is optimized with the Yoast SEO plugin v27.0 - https:\/\/yoast.com\/product\/yoast-seo-wordpress\/ -->\n<title>Kontakt - Casinotax.net<\/title>\n<meta name=\"description\" content=\"H\u00e4r hittar du all kontaktinformation till caisnotax.net\" \/>\n<meta name=\"robots\" content=\"index, follow, max-snippet:-1, max-image-preview:large, max-video-preview:-1\" \/>\n<link rel=\"canonical\" href=\"https:\/\/casinotax.net\/sv\/kontakt\/\" \/>\n<meta property=\"og:locale\" content=\"sv_SE\" \/>\n<meta property=\"og:type\" content=\"article\" \/>\n<meta property=\"og:title\" content=\"Kontakt - Casinotax.net\" \/>\n<meta property=\"og:description\" content=\"H\u00e4r hittar du all kontaktinformation till caisnotax.net\" \/>\n<meta property=\"og:url\" content=\"https:\/\/casinotax.net\/sv\/kontakt\/\" \/>\n<meta property=\"og:site_name\" content=\"Casinotax.net\" \/>\n<meta property=\"article:modified_time\" content=\"2024-05-20T06:19:14+00:00\" \/>\n<meta name=\"twitter:card\" content=\"summary_large_image\" \/>\n<meta name=\"twitter:label1\" content=\"Ber\u00e4knad l\u00e4stid\" \/>\n\t<meta name=\"twitter:data1\" content=\"1 minut\" \/>\n<script type=\"application\/ld+json\" class=\"yoast-schema-graph\">{\"@context\":\"https:\/\/schema.org\",\"@graph\":[{\"@type\":\"WebPage\",\"@id\":\"https:\/\/casinotax.net\/sv\/kontakt\/\",\"url\":\"https:\/\/casinotax.net\/sv\/kontakt\/\",\"name\":\"Kontakt - Casinotax.net\",\"isPartOf\":{\"@id\":\"https:\/\/casinotax.net\/sv\/#website\"},\"datePublished\":\"2023-04-28T14:43:18+00:00\",\"dateModified\":\"2024-05-20T06:19:14+00:00\",\"description\":\"H\u00e4r hittar du all kontaktinformation till caisnotax.net\",\"breadcrumb\":{\"@id\":\"https:\/\/casinotax.net\/sv\/kontakt\/#breadcrumb\"},\"inLanguage\":\"sv-SE\",\"potentialAction\":[{\"@type\":\"ReadAction\",\"target\":[\"https:\/\/casinotax.net\/sv\/kontakt\/\"]}]},{\"@type\":\"BreadcrumbList\",\"@id\":\"https:\/\/casinotax.net\/sv\/kontakt\/#breadcrumb\",\"itemListElement\":[{\"@type\":\"ListItem\",\"position\":1,\"name\":\"Skattefria casinon\",\"item\":\"https:\/\/casinotax.net\/sv\/\"},{\"@type\":\"ListItem\",\"position\":2,\"name\":\"Kontakt\"}]},{\"@type\":\"WebSite\",\"@id\":\"https:\/\/casinotax.net\/sv\/#website\",\"url\":\"https:\/\/casinotax.net\/sv\/\",\"name\":\"Casinotax.net\",\"description\":\"All about tax free casinos online\",\"potentialAction\":[{\"@type\":\"SearchAction\",\"target\":{\"@type\":\"EntryPoint\",\"urlTemplate\":\"https:\/\/casinotax.net\/sv\/?s={search_term_string}\"},\"query-input\":{\"@type\":\"PropertyValueSpecification\",\"valueRequired\":true,\"valueName\":\"search_term_string\"}}],\"inLanguage\":\"sv-SE\"}]}<\/script>\n<!-- \/ Yoast SEO plugin. -->","yoast_head_json":{"title":"Kontakt - Casinotax.net","description":"H\u00e4r hittar du all kontaktinformation till caisnotax.net","robots":{"index":"index","follow":"follow","max-snippet":"max-snippet:-1","max-image-preview":"max-image-preview:large","max-video-preview":"max-video-preview:-1"},"canonical":"https:\/\/casinotax.net\/sv\/kontakt\/","og_locale":"sv_SE","og_type":"article","og_title":"Kontakt - Casinotax.net","og_description":"H\u00e4r hittar du all kontaktinformation till caisnotax.net","og_url":"https:\/\/casinotax.net\/sv\/kontakt\/","og_site_name":"Casinotax.net","article_modified_time":"2024-05-20T06:19:14+00:00","twitter_card":"summary_large_image","twitter_misc":{"Ber\u00e4knad l\u00e4stid":"1 minut"},"schema":{"@context":"https:\/\/schema.org","@graph":[{"@type":"WebPage","@id":"https:\/\/casinotax.net\/sv\/kontakt\/","url":"https:\/\/casinotax.net\/sv\/kontakt\/","name":"Kontakt - Casinotax.net","isPartOf":{"@id":"https:\/\/casinotax.net\/sv\/#website"},"datePublished":"2023-04-28T14:43:18+00:00","dateModified":"2024-05-20T06:19:14+00:00","description":"H\u00e4r hittar du all kontaktinformation till caisnotax.net","breadcrumb":{"@id":"https:\/\/casinotax.net\/sv\/kontakt\/#breadcrumb"},"inLanguage":"sv-SE","potentialAction":[{"@type":"ReadAction","target":["https:\/\/casinotax.net\/sv\/kontakt\/"]}]},{"@type":"BreadcrumbList","@id":"https:\/\/casinotax.net\/sv\/kontakt\/#breadcrumb","itemListElement":[{"@type":"ListItem","position":1,"name":"Skattefria casinon","item":"https:\/\/casinotax.net\/sv\/"},{"@type":"ListItem","position":2,"name":"Kontakt"}]},{"@type":"WebSite","@id":"https:\/\/casinotax.net\/sv\/#website","url":"https:\/\/casinotax.net\/sv\/","name":"Casinotax.net","description":"All about tax free casinos online","potentialAction":[{"@type":"SearchAction","target":{"@type":"EntryPoint","urlTemplate":"https:\/\/casinotax.net\/sv\/?s={search_term_string}"},"query-input":{"@type":"PropertyValueSpecification","valueRequired":true,"valueName":"search_term_string"}}],"inLanguage":"sv-SE"}]}},"_links":{"self":[{"href":"https:\/\/casinotax.net\/sv\/wp-json\/wp\/v2\/pages\/73","targetHints":{"allow":["GET"]}}],"collection":[{"href":"https:\/\/casinotax.net\/sv\/wp-json\/wp\/v2\/pages"}],"about":[{"href":"https:\/\/casinotax.net\/sv\/wp-json\/wp\/v2\/types\/page"}],"author":[{"embeddable":true,"href":"https:\/\/casinotax.net\/sv\/wp-json\/wp\/v2\/users\/4"}],"replies":[{"embeddable":true,"href":"https:\/\/casinotax.net\/sv\/wp-json\/wp\/v2\/comments?post=73"}],"version-history":[{"count":4,"href":"https:\/\/casinotax.net\/sv\/wp-json\/wp\/v2\/pages\/73\/revisions"}],"predecessor-version":[{"id":617,"href":"https:\/\/casinotax.net\/sv\/wp-json\/wp\/v2\/pages\/73\/revisions\/617"}],"wp:attachment":[{"href":"https:\/\/casinotax.net\/sv\/wp-json\/wp\/v2\/media?parent=73"}],"curies":[{"name":"wp","href":"https:\/\/api.w.org\/{rel}","templated":true}]}}